{"id":547,"date":"2022-09-21T16:26:08","date_gmt":"2022-09-21T14:26:08","guid":{"rendered":"https:\/\/2022.acsberlin.de\/impressum\/"},"modified":"2023-05-12T13:11:14","modified_gmt":"2023-05-12T11:11:14","slug":"imprint","status":"publish","type":"page","link":"https:\/\/acsberlin.de\/en\/imprint\/","title":{"rendered":"Imprint"},"content":{"rendered":"\n<style type=\"text\/css\" data-created_by=\"avia_inline_auto\" id=\"style-css-av-1g5yr-59730236dd162cba841ac0e5fb6424a4\">\n#top .flex_column.av-1g5yr-59730236dd162cba841ac0e5fb6424a4{\nmargin-top:0px;\nmargin-bottom:0px;\n}\n.flex_column.av-1g5yr-59730236dd162cba841ac0e5fb6424a4{\npadding:4% 0 4% 0;\n}\n.responsive #top #wrap_all .flex_column.av-1g5yr-59730236dd162cba841ac0e5fb6424a4{\nmargin-top:0px;\nmargin-bottom:0px;\n}\n<\/style>\n<div  id=\"sozietaet\"  class='flex_column av-1g5yr-59730236dd162cba841ac0e5fb6424a4 av_one_full  avia-builder-el-0  avia-builder-el-no-sibling  first flex_column_div  '     ><section  class='av_textblock_section av-l8ls35ou-14e752f40b14033ca4507ddba2efca8e '   itemscope=\"itemscope\" itemtype=\"https:\/\/schema.org\/CreativeWork\" ><div class='avia_textblock'  itemprop=\"text\" ><h1>Imprint<\/h1>\n<\/div><\/section><br \/>\n\n<style type=\"text\/css\" data-created_by=\"avia_inline_auto\" id=\"style-css-av-xu5z-2972ec2bd89a1bfa9f7a436cc5bbf781\">\n#top .hr.hr-invisible.av-xu5z-2972ec2bd89a1bfa9f7a436cc5bbf781{\nheight:20px;\n}\n<\/style>\n<div  class='hr av-xu5z-2972ec2bd89a1bfa9f7a436cc5bbf781 hr-invisible  avia-builder-el-2  el_after_av_textblock  el_before_av_textblock '><span class='hr-inner '><span class=\"hr-inner-style\"><\/span><\/span><\/div><br \/>\n<section  class='av_textblock_section av-l8ls7tcz-4be80132565280cd72eac73066988018 '   itemscope=\"itemscope\" itemtype=\"https:\/\/schema.org\/CreativeWork\" ><div class='avia_textblock acs-allgemein'  itemprop=\"text\" ><p>acs | berlin attorneys-at-law &amp; tax advisors<br \/>\nczempiel markfort schreiber PartGmbB<\/p>\n<p>Invalidenstra\u00dfe 91 | 10115 Berlin<br \/>\nT: +49 30 315 94 80 | F: +49 30 315 23 43<br \/>\npost (at) acsberlin.de | www.acsberlin.de<br \/>\nSitz Berlin | AG Berlin-Charlottenburg | PR 1042 B<\/p>\n<h3>Authorised representative partner:<\/h3>\n<p>Dr. Benedikt Czempiel, attorney-at-law<br \/>\nDr. Carsten Markfort, attorney-at-law<br \/>\nDr. Gerhard Schreiber, tax advisor<br \/>\nDaniel Trunschke, tax advisor<\/p>\n<h3>Attorney-at-law<\/h3>\n<p>The attorneys-at-law of the law firm are admitted to practice according to the laws of the Federal Republic of Germany.<br \/>\nResponsible regulatory authority \/ chamber:<br \/>\nRechtsanwaltskammer Berlin (Chamber of Lawyers Berlin)<br \/>\nLittenstra\u00dfe 9, 10179 Berlin<br \/>\nT: +49 30 30 69 31 &#8211; 0<br \/>\nF: +49 30 30 69 31 &#8211; 99<br \/>\nE-Mail: info[at]rak-berlin.de<br \/>\nInternet: <a href=\"https:\/\/www.rak-berlin.de\/\" target=\"_blank\" rel=\"noopener\">www.rak-berlin.de<\/a><\/p>\n<p>The applicable professional regulations for attorneys-at-law<\/p>\n<ul>\n<li>Bundesrechtsanwaltsordnung (Federal Regulations for Lawyers)<\/li>\n<li>Berufsordnung f\u00fcr Rechtsanw\u00e4lte (Professional Regulations for Lawyers)<\/li>\n<li>Rechtsanwaltsverg\u00fctungsgesetz (Lawyers&#8217; Fees Act)<\/li>\n<li>Berufsregeln der Rechtsanw\u00e4lte der Europ\u00e4ischen Union (Professional Regulations for Lawyers of the European Community)<\/li>\n<li>Fachanwaltsordnung (Regulations on Specialist Lawyers)<\/li>\n<\/ul>\n<p>may be accesses at <a href=\"https:\/\/www.brak.de\/\" target=\"_blank\" rel=\"noopener\">www.brak.de<\/a> under \u201eInformationspflichten gem\u00e4\u00df \u00a7 5 TMG\u201c.<\/p>\n<h3>Tax advisor<\/h3>\n<p>Responsible regulatory authority \/ chamber:<br \/>\nSteuerberaterkammer Berlin (Chamber of tax Advisors Berlin)<br \/>\nWichmannstra\u00dfe 6, 10787 Berlin<br \/>\nT: +49 30 88 92 61 &#8211; 0<br \/>\nF: +49 30 88 92 61 &#8211; 10<br \/>\nE-Mail: info[at]stbkammer-berlin.de<br \/>\nInternet: <a href=\"https:\/\/stbk-berlin.de\/\" target=\"_blank\" rel=\"noopener\">www.stbkammer-berlin.de<\/a><\/p>\n<p>The applicable professional regulations for tax advisors<\/p>\n<ul>\n<li>Steuerberatungsgesetz (Act on Tax Advisors)<\/li>\n<li>Verordnung zur Durchf\u00fchrung der Vorschriften \u00fcber Steuerberater, Steuerbevollm\u00e4chtigte und Steuerberatungsgesellschaften (Regulation implementing the Act on Tax Advisors, Tax Agents and Tax Advisory Companies)<\/li>\n<li>Satzung \u00fcber die Rechte und Pflichten bei der Aus\u00fcbung der Berufe der Steuerberater und der Steuerbevollm\u00e4chtigten (Statute on the Rights and Obligations in exercising the Professions of Tax Advisors and Tax Advisory Companies)<\/li>\n<li>Geb\u00fchrenverordnung f\u00fcr Steuerberater, Steuerbevollm\u00e4chtigte und Steuerberatungsgesellschaften (Fees Regulation for Tax Advisors&#8217;, Tax Agents and Tax Advisory Companies)<\/li>\n<\/ul>\n<p>may be accessed at <a href=\"https:\/\/stbk-berlin.de\/downloads-und-links\/\" target=\"_blank\" rel=\"noopener\">Downloads und Links<\/a>\u201c.<\/p>\n<h3>VAT Identifications number according to \u00a7 27 a UStG: DE 190811505<\/h3>\n<h3>Professional Indemnity Insurance:<\/h3>\n<p>HDI Versicherung AG, HDI-Platz 1, 30659 Hannover.<\/p>\n<p>Territory:<\/p>\n<ol>\n<li>Germany<\/li>\n<li>In the rest of Europe liability claims arising from activities are insured, which (a) are in connection with advice rendered and work performed in the area of European law; and (b) by the attorney before European courts.<\/li>\n<li>Worldwide for liability claims against the insured before non-European courts at the amount of the minimum insurance as required by law.<\/li>\n<\/ol>\n<h3>Dispute Resolution for Consumers:<\/h3>\n<p>EU Online Dispute Resolution website: <a href=\"https:\/\/ec.europa.eu\/consumers\/odr\/main\/index.cfm?event=main.home2.show&amp;lng=DE\" target=\"_blank\" rel=\"noopener\">https:\/\/ec.europa.eu\/consumers\/odr\/<\/a><\/p>\n<p>We do not participate in any dispute resolution by a conciliation body for consumers.<\/p>\n<h3>Copyright<\/h3>\n<p>The copyright of the content of this website is subject to German copyright law and is owned by acs | czempiel | markfort | schreiber. Copying, processing, distribution and any kind of exploitation beyond the confines of copyright law require the prior written approval of acs | czempiel | markfort | schreiber. Downloading and copying of this website are only permissible for private, non-commercial use.<\/p>\n<h3>Waiver of liability<\/h3>\n<p>Our website contains links to external websites of third parties, on which contents we have no influence. The contents of linked sites are the sole responsibility of the respective site provider or owners. Despite stringent controls of content acs | czempiel | markfort | schreiber is not liable for contents of external links.<\/p>\n<h3>Design and programming<\/h3>\n<p>Anne V\u00f6lkel, Dipl-Designerin<br \/>\n<a href=\"https:\/\/www.avoelkel.de\/\" target=\"_blank\" rel=\"noopener\">www.avoelkel.de<\/a><\/p>\n<h3>Photography<\/h3>\n<p>Samantha Dietmar (pictures startpage, team header, legal advice)<br \/>\nAndr\u00e9 Weise (portraits and other pictures)<\/p>\n<\/div><\/section><\/p><\/div>\n","protected":false},"excerpt":{"rendered":"","protected":false},"author":1,"featured_media":0,"parent":0,"menu_order":0,"comment_status":"closed","ping_status":"closed","template":"","meta":{"inline_featured_image":false,"footnotes":""},"class_list":["post-547","page","type-page","status-publish","hentry"],"aioseo_notices":[],"_links":{"self":[{"href":"https:\/\/acsberlin.de\/en\/wp-json\/wp\/v2\/pages\/547","targetHints":{"allow":["GET"]}}],"collection":[{"href":"https:\/\/acsberlin.de\/en\/wp-json\/wp\/v2\/pages"}],"about":[{"href":"https:\/\/acsberlin.de\/en\/wp-json\/wp\/v2\/types\/page"}],"author":[{"embeddable":true,"href":"https:\/\/acsberlin.de\/en\/wp-json\/wp\/v2\/users\/1"}],"replies":[{"embeddable":true,"href":"https:\/\/acsberlin.de\/en\/wp-json\/wp\/v2\/comments?post=547"}],"version-history":[{"count":6,"href":"https:\/\/acsberlin.de\/en\/wp-json\/wp\/v2\/pages\/547\/revisions"}],"predecessor-version":[{"id":963,"href":"https:\/\/acsberlin.de\/en\/wp-json\/wp\/v2\/pages\/547\/revisions\/963"}],"wp:attachment":[{"href":"https:\/\/acsberlin.de\/en\/wp-json\/wp\/v2\/media?parent=547"}],"curies":[{"name":"wp","href":"https:\/\/api.w.org\/{rel}","templated":true}]}}